{"id":31,"date":"2024-09-09T14:51:11","date_gmt":"2024-09-09T12:51:11","guid":{"rendered":"https:\/\/leonardodavid.site\/?page_id=31"},"modified":"2025-04-03T21:12:32","modified_gmt":"2025-04-03T19:12:32","slug":"politicas-de-privacidad","status":"publish","type":"page","link":"https:\/\/leonardodavid.site\/en\/politicas-de-privacidad\/","title":{"rendered":"Pol\u00edticas de privacidad"},"content":{"rendered":"<div data-elementor-type=\"wp-page\" data-elementor-id=\"31\" class=\"elementor elementor-31\" data-elementor-post-type=\"page\">\n\t\t\t\t<div class=\"elementor-element elementor-element-78de7aa2 e-flex e-con-boxed e-con e-parent\" data-id=\"78de7aa2\" data-element_type=\"container\" data-settings=\"{&quot;ekit_has_onepagescroll_dot&quot;:&quot;yes&quot;}\">\n\t\t\t\t\t<div class=\"e-con-inner\">\n\t\t\t\t<div class=\"elementor-element elementor-element-124be139 elementor-widget elementor-widget-text-editor\" data-id=\"124be139\" data-element_type=\"widget\" data-settings=\"{&quot;ekit_we_effect_on&quot;:&quot;none&quot;}\" data-widget_type=\"text-editor.default\">\n\t\t\t\t<div class=\"elementor-widget-container\">\n\t\t\t\t\t\t\t\t\t\n<div class=\"entry-header\">\n<h1 class=\"jeg_post_title wp-block-heading\">Pol\u00edtica de privacidad<\/h1>\n<\/div>\n<div class=\"jeg_featured featured_image\">\u00a0<\/div>\n<div class=\"jeg_share_top_container\">\u00a0<\/div>\n<div class=\"entry-content\">\n<div class=\"content-inner\">\n<p>E<em>sta pol\u00edtica de privacidad fu\u00e9 actualizada por ultima vez en diciembre 1 de mayo, 2024 y es aplicada a los ciudadanos del Espacio Econ\u00f3mico Europeo (UE).<\/em><\/p>\n<p>En esta declaraci\u00f3n de privacidad, explicamos lo que hacemos con los datos que obtenemos sobre usted a trav\u00e9s de <a href=\"https:\/\/leonardodavid.site\/en\/\">https:\/\/leonardodavid.site\/<\/a> Le recomendamos que lea atentamente esta declaraci\u00f3n. En nuestro procesamiento cumplimos con los requisitos de la legislaci\u00f3n de privacidad. Lo que significa, entre otras cosas, que:<\/p>\n<ul>\n<li>indicamos claramente los fines para los que procesamos los datos personales. Hacemos esto por medio de esta declaraci\u00f3n de privacidad.<\/li>\n<li>nuestro objetivo es limitar nuestra recopilaci\u00f3n de datos personales a los datos personales necesarios para fines leg\u00edtimos.<\/li>\n<li>en primer lugar, solicitamos su consentimiento expl\u00edcito para el tratamiento de sus datos personales en los casos en que sea necesario.<\/li>\n<li>tomamos las medidas de seguridad adecuadas para proteger sus datos personales y tambi\u00e9n se lo exigimos a las partes que procesan datos personales en nuestro nombre;<\/li>\n<li>respetamos su derecho a acceder, rectificar o cancelar sus datos personales previa solicitud.<\/li>\n<\/ul>\n<p>Si tiene alguna pregunta o desea saber exactamente qu\u00e9 datos sobre usted guardamos, p\u00f3ngase en contacto con nosotros.<\/p>\n<h2 class=\"wp-block-heading\">1. Prop\u00f3sito, datos y periodo de retenci\u00f3n<\/h2>\n<p>1.1 Contacto \u2013 Por tel\u00e9fono, correo, correo electr\u00f3nico y\/o formularios en el sitio. Retendremos los datos hasta que el servicio sea cancelado.<\/p>\n<p>1.2 Para poder cumplir con las obligaciones legales. Retendremos los datos hasta que el servicio sea cancelado.<\/p>\n<p>1.3 Recopilaci\u00f3n y an\u00e1lisis de estad\u00edsticas para la mejora del sitio web. Retendremos los datos hasta que el servicio sea cancelado.<\/p>\n<h2 class=\"wp-block-heading\">2. Compartir con otras partes<\/h2>\n<p>S\u00f3lo compartimos o divulgamos estos datos a los procesadores para los siguientes prop\u00f3sitos:<\/p>\n<p>Procesadores de datos.<\/p>\n<p><strong>Nombre:<\/strong>\u00a0<a href=\"https:\/\/xpandex.es\/\">Xpandex<\/a><br \/><strong>Pa\u00eds:<\/strong>\u00a0Espa\u00f1a<br \/><strong>Prop\u00f3sito:<\/strong>\u00a0Desarrollo y mantenimiento Web<\/p>\n<h2 class=\"wp-block-heading\">3. Cookies<\/h2>\n<p>Nuestro sitio web utiliza cookies. Para m\u00e1s informaci\u00f3n acerca de las cookies, por favor refi\u00e9rase a nuestra Declaraci\u00f3n de Pol\u00edtica de Cookies.Tenemos un acuerdo de procesamiento de datos con Google.<\/p>\n<h2 class=\"wp-block-heading\">4. Seguridad<\/h2>\n<p>Estamos comprometidos con la seguridad de los datos personales. Tomamos las medidas de seguridad adecuadas para limitar el abuso y el acceso no autorizado a los datos personales. Esto asegura que s\u00f3lo las personas necesarias tengan acceso a sus datos, que el acceso a los datos est\u00e9 protegido y que nuestras medidas de seguridad sean revisadas regularmente.<\/p>\n<h2 class=\"wp-block-heading\">5. Sitios web de terceros<\/h2>\n<p>Esta declaraci\u00f3n de privacidad no se aplica a los sitios web de terceros conectados mediante enlaces en nuestro sitio web. No podemos garantizar que estas terceras partes manejen sus datos personales de forma fiable o segura. Le recomendamos que lea las declaraciones de privacidad de estos sitios web antes de utilizarlos.<\/p>\n<h2 class=\"wp-block-heading\">6. Privacidad y referencia a la declaraci\u00f3n de privacidad<\/h2>\n<p>Nos reservamos el derecho de hacer enmiendas a esta declaraci\u00f3n de privacidad. Se recomienda que consulte esta declaraci\u00f3n de privacidad regularmente para estar al tanto de cualquier cambio. Adem\u00e1s, le informaremos activamente siempre que sea posible.<\/p>\n<h2 class=\"wp-block-heading\">7. Acceso y modificaci\u00f3n de sus datos<\/h2>\n<p>Si tiene alguna pregunta o desea saber qu\u00e9 datos personales tenemos sobre usted, p\u00f3ngase en contacto con nosotros. Puede ponerse en contacto con nosotros utilizando la siguiente informaci\u00f3n. Usted tiene los siguientes derechos:<\/p>\n<ul>\n<li>Usted tiene derecho a saber por qu\u00e9 se necesitan sus datos personales, qu\u00e9 suceder\u00e1 con ellos y durante cu\u00e1nto tiempo se conservar\u00e1n.<\/li>\n<li>Derecho de acceso: Tiene derecho a acceder a los datos personales que conocemos sobre usted.<\/li>\n<li>Derecho de rectificaci\u00f3n: tiene derecho a completar, rectificar, borrar o bloquear sus datos personales cuando lo desee.<\/li>\n<li>Si usted nos da su consentimiento para procesar sus datos, tiene derecho a revocar dicho consentimiento y a que se eliminen sus datos personales.<\/li>\n<li>Derecho de cesi\u00f3n de sus datos: tiene derecho a solicitar todos sus datos personales al controlador y a transferirlos \u00edntegramente a otro controlador.<\/li>\n<li>Derecho de oposici\u00f3n: usted puede oponerse al tratamiento de sus datos. Nosotros cumplimos con esto, a menos que existan motivos justificados para el procesamiento.<\/li>\n<\/ul>\n<p>Por favor, aseg\u00farese de indicar siempre claramente qui\u00e9n es usted, para que podamos estar seguros de que no modificamos o eliminamos ning\u00fan dato de la persona equivocada.<\/p>\n<h2 class=\"wp-block-heading\">8. Enviando una queja<\/h2>\n<p>Si no est\u00e1 satisfecho con la forma en que tratamos o procesamos sus datos personales, tiene derecho a presentar una queja a la Autoridad de Protecci\u00f3n de Datos.<\/p>\n<h2 class=\"wp-block-heading\">9. Responsable de la protecci\u00f3n de datos<\/h2>\n<p>Nuestro Responsable de la Protecci\u00f3n de Datos ha sido registrado ante la autoridad de protecci\u00f3n de datos de un Estado miembro de la UE. Si tiene alguna pregunta o solicitud con respecto a esta declaraci\u00f3n de privacidad o para el Responsable de la Protecci\u00f3n de Datos, puede ponerse en contacto con Leonardo David Annese, a trav\u00e9s de o leonardoan062@gmail.com<\/p>\n<h2 class=\"wp-block-heading\">10. Detalles de contacto<\/h2>\n<p><span style=\"font-weight: 400;\">Raz\u00f3n social:<\/span><span style=\"font-weight: 400;\"> Leonardo David Annese<\/span><\/p>\n<p><span style=\"font-weight: 400;\">NIF\/CIF: <\/span><span style=\"font-weight: 400;\">\u00a0<\/span><span style=\"font-weight: 400;\">Y6328795Z<\/span><\/p>\n<p><span style=\"font-weight: 400;\">Direcci\u00f3n Fiscal: <\/span><span style=\"font-weight: 400;\">C\/ jos\u00e9 uria uria, portal 1 piso 3 puerta L, la corredoria oviedo, asturias 33011<\/span><\/p>\n<p><span style=\"font-weight: 400;\">N\u00famero: +34 <\/span><span style=\"font-weight: 400;\">684642505\u00a0<\/span><\/p>\n<p><span style=\"font-weight: 400;\">Correo:<\/span> <span style=\"font-weight: 400;\">leonardoan062@gmail.com<\/span><\/p>\n<\/div>\n<\/div>\n\t\t\t\t\t\t\t\t<\/div>\n\t\t\t\t<\/div>\n\t\t\t\t\t<\/div>\n\t\t\t\t<\/div>\n\t\t\t\t<\/div>","protected":false},"excerpt":{"rendered":"<p>Pol\u00edtica de privacidad \u00a0 \u00a0 Esta pol\u00edtica de privacidad fu\u00e9 actualizada por ultima vez en diciembre 1 de mayo, 2024 [&hellip;]<\/p>","protected":false},"author":1,"featured_media":0,"parent":0,"menu_order":0,"comment_status":"closed","ping_status":"closed","template":"","meta":{"site-sidebar-layout":"no-sidebar","site-content-layout":"","ast-site-content-layout":"full-width-container","site-content-style":"default","site-sidebar-style":"default","ast-global-header-display":"","ast-banner-title-visibility":"","ast-main-header-display":"","ast-hfb-above-header-display":"","ast-hfb-below-header-display":"","ast-hfb-mobile-header-display":"","site-post-title":"disabled","ast-breadcrumbs-content":"","ast-featured-img":"disabled","footer-sml-layout":"","theme-transparent-header-meta":"","adv-header-id-meta":"","stick-header-meta":"","header-above-stick-meta":"","header-main-stick-meta":"","header-below-stick-meta":"","astra-migrate-meta-layouts":"default","ast-page-background-enabled":"default","ast-page-background-meta":{"desktop":{"background-color":"var(--ast-global-color-4)","background-image":"","background-repeat":"repeat","background-position":"center center","background-size":"auto","background-attachment":"scroll","background-type":"","background-media":"","overlay-type":"","overlay-color":"","overlay-opacity":"","overlay-gradient":""},"tablet":{"background-color":"","background-image":"","background-repeat":"repeat","background-position":"center center","background-size":"auto","background-attachment":"scroll","background-type":"","background-media":"","overlay-type":"","overlay-color":"","overlay-opacity":"","overlay-gradient":""},"mobile":{"background-color":"","background-image":"","background-repeat":"repeat","background-position":"center center","background-size":"auto","background-attachment":"scroll","background-type":"","background-media":"","overlay-type":"","overlay-color":"","overlay-opacity":"","overlay-gradient":""}},"ast-content-background-meta":{"desktop":{"background-color":"var(--ast-global-color-5)","background-image":"","background-repeat":"repeat","background-position":"center center","background-size":"auto","background-attachment":"scroll","background-type":"","background-media":"","overlay-type":"","overlay-color":"","overlay-opacity":"","overlay-gradient":""},"tablet":{"background-color":"var(--ast-global-color-5)","background-image":"","background-repeat":"repeat","background-position":"center center","background-size":"auto","background-attachment":"scroll","background-type":"","background-media":"","overlay-type":"","overlay-color":"","overlay-opacity":"","overlay-gradient":""},"mobile":{"background-color":"var(--ast-global-color-5)","background-image":"","background-repeat":"repeat","background-position":"center center","background-size":"auto","background-attachment":"scroll","background-type":"","background-media":"","overlay-type":"","overlay-color":"","overlay-opacity":"","overlay-gradient":""}},"footnotes":""},"class_list":["post-31","page","type-page","status-publish","hentry"],"yoast_head":"<!-- This site is optimized with the Yoast SEO plugin v24.8.1 - https:\/\/yoast.com\/wordpress\/plugins\/seo\/ -->\n<title>Pol\u00edticas de privacidad - Leonardo David<\/title>\n<meta name=\"robots\" content=\"noindex, follow\" \/>\n<meta property=\"og:locale\" content=\"en_US\" \/>\n<meta property=\"og:type\" content=\"article\" \/>\n<meta property=\"og:title\" content=\"Pol\u00edticas de privacidad - Leonardo David\" \/>\n<meta property=\"og:description\" content=\"Pol\u00edtica de privacidad \u00a0 \u00a0 Esta pol\u00edtica de privacidad fu\u00e9 actualizada por ultima vez en diciembre 1 de mayo, 2024 [&hellip;]\" \/>\n<meta property=\"og:url\" content=\"https:\/\/leonardodavid.site\/en\/politicas-de-privacidad\/\" \/>\n<meta property=\"og:site_name\" content=\"Leonardo David\" \/>\n<meta property=\"article:modified_time\" content=\"2025-04-03T19:12:32+00:00\" \/>\n<meta name=\"twitter:card\" content=\"summary_large_image\" \/>\n<meta name=\"twitter:label1\" content=\"Est. reading time\" \/>\n\t<meta name=\"twitter:data1\" content=\"4 minutes\" \/>\n<script type=\"application\/ld+json\" class=\"yoast-schema-graph\">{\"@context\":\"https:\/\/schema.org\",\"@graph\":[{\"@type\":\"WebPage\",\"@id\":\"https:\/\/leonardodavid.site\/politicas-de-privacidad\/\",\"url\":\"https:\/\/leonardodavid.site\/politicas-de-privacidad\/\",\"name\":\"Pol\u00edticas de privacidad - Leonardo David\",\"isPartOf\":{\"@id\":\"https:\/\/leonardodavid.site\/#website\"},\"datePublished\":\"2024-09-09T12:51:11+00:00\",\"dateModified\":\"2025-04-03T19:12:32+00:00\",\"breadcrumb\":{\"@id\":\"https:\/\/leonardodavid.site\/politicas-de-privacidad\/#breadcrumb\"},\"inLanguage\":\"en-US\",\"potentialAction\":[{\"@type\":\"ReadAction\",\"target\":[\"https:\/\/leonardodavid.site\/politicas-de-privacidad\/\"]}]},{\"@type\":\"BreadcrumbList\",\"@id\":\"https:\/\/leonardodavid.site\/politicas-de-privacidad\/#breadcrumb\",\"itemListElement\":[{\"@type\":\"ListItem\",\"position\":1,\"name\":\"Portada\",\"item\":\"https:\/\/leonardodavid.site\/\"},{\"@type\":\"ListItem\",\"position\":2,\"name\":\"Pol\u00edticas de privacidad\"}]},{\"@type\":\"WebSite\",\"@id\":\"https:\/\/leonardodavid.site\/#website\",\"url\":\"https:\/\/leonardodavid.site\/\",\"name\":\"Leonardo David\",\"description\":\"\",\"publisher\":{\"@id\":\"https:\/\/leonardodavid.site\/#organization\"},\"potentialAction\":[{\"@type\":\"SearchAction\",\"target\":{\"@type\":\"EntryPoint\",\"urlTemplate\":\"https:\/\/leonardodavid.site\/?s={search_term_string}\"},\"query-input\":{\"@type\":\"PropertyValueSpecification\",\"valueRequired\":true,\"valueName\":\"search_term_string\"}}],\"inLanguage\":\"en-US\"},{\"@type\":\"Organization\",\"@id\":\"https:\/\/leonardodavid.site\/#organization\",\"name\":\"Leonardo David\",\"url\":\"https:\/\/leonardodavid.site\/\",\"logo\":{\"@type\":\"ImageObject\",\"inLanguage\":\"en-US\",\"@id\":\"https:\/\/leonardodavid.site\/#\/schema\/logo\/image\/\",\"url\":\"https:\/\/leonardodavid.site\/wp-content\/uploads\/2024\/09\/Logo.png\",\"contentUrl\":\"https:\/\/leonardodavid.site\/wp-content\/uploads\/2024\/09\/Logo.png\",\"width\":215,\"height\":91,\"caption\":\"Leonardo David\"},\"image\":{\"@id\":\"https:\/\/leonardodavid.site\/#\/schema\/logo\/image\/\"}}]}<\/script>\n<!-- \/ Yoast SEO plugin. -->","yoast_head_json":{"title":"Pol\u00edticas de privacidad - Leonardo David","robots":{"index":"noindex","follow":"follow"},"og_locale":"en_US","og_type":"article","og_title":"Pol\u00edticas de privacidad - Leonardo David","og_description":"Pol\u00edtica de privacidad \u00a0 \u00a0 Esta pol\u00edtica de privacidad fu\u00e9 actualizada por ultima vez en diciembre 1 de mayo, 2024 [&hellip;]","og_url":"https:\/\/leonardodavid.site\/en\/politicas-de-privacidad\/","og_site_name":"Leonardo David","article_modified_time":"2025-04-03T19:12:32+00:00","twitter_card":"summary_large_image","twitter_misc":{"Est. reading time":"4 minutes"},"schema":{"@context":"https:\/\/schema.org","@graph":[{"@type":"WebPage","@id":"https:\/\/leonardodavid.site\/politicas-de-privacidad\/","url":"https:\/\/leonardodavid.site\/politicas-de-privacidad\/","name":"Pol\u00edticas de privacidad - Leonardo David","isPartOf":{"@id":"https:\/\/leonardodavid.site\/#website"},"datePublished":"2024-09-09T12:51:11+00:00","dateModified":"2025-04-03T19:12:32+00:00","breadcrumb":{"@id":"https:\/\/leonardodavid.site\/politicas-de-privacidad\/#breadcrumb"},"inLanguage":"en-US","potentialAction":[{"@type":"ReadAction","target":["https:\/\/leonardodavid.site\/politicas-de-privacidad\/"]}]},{"@type":"BreadcrumbList","@id":"https:\/\/leonardodavid.site\/politicas-de-privacidad\/#breadcrumb","itemListElement":[{"@type":"ListItem","position":1,"name":"Portada","item":"https:\/\/leonardodavid.site\/"},{"@type":"ListItem","position":2,"name":"Pol\u00edticas de privacidad"}]},{"@type":"WebSite","@id":"https:\/\/leonardodavid.site\/#website","url":"https:\/\/leonardodavid.site\/","name":"Leonardo David","description":"","publisher":{"@id":"https:\/\/leonardodavid.site\/#organization"},"potentialAction":[{"@type":"SearchAction","target":{"@type":"EntryPoint","urlTemplate":"https:\/\/leonardodavid.site\/?s={search_term_string}"},"query-input":{"@type":"PropertyValueSpecification","valueRequired":true,"valueName":"search_term_string"}}],"inLanguage":"en-US"},{"@type":"Organization","@id":"https:\/\/leonardodavid.site\/#organization","name":"Leonardo David","url":"https:\/\/leonardodavid.site\/","logo":{"@type":"ImageObject","inLanguage":"en-US","@id":"https:\/\/leonardodavid.site\/#\/schema\/logo\/image\/","url":"https:\/\/leonardodavid.site\/wp-content\/uploads\/2024\/09\/Logo.png","contentUrl":"https:\/\/leonardodavid.site\/wp-content\/uploads\/2024\/09\/Logo.png","width":215,"height":91,"caption":"Leonardo David"},"image":{"@id":"https:\/\/leonardodavid.site\/#\/schema\/logo\/image\/"}}]}},"_links":{"self":[{"href":"https:\/\/leonardodavid.site\/en\/wp-json\/wp\/v2\/pages\/31"}],"collection":[{"href":"https:\/\/leonardodavid.site\/en\/wp-json\/wp\/v2\/pages"}],"about":[{"href":"https:\/\/leonardodavid.site\/en\/wp-json\/wp\/v2\/types\/page"}],"author":[{"embeddable":true,"href":"https:\/\/leonardodavid.site\/en\/wp-json\/wp\/v2\/users\/1"}],"replies":[{"embeddable":true,"href":"https:\/\/leonardodavid.site\/en\/wp-json\/wp\/v2\/comments?post=31"}],"version-history":[{"count":5,"href":"https:\/\/leonardodavid.site\/en\/wp-json\/wp\/v2\/pages\/31\/revisions"}],"predecessor-version":[{"id":515,"href":"https:\/\/leonardodavid.site\/en\/wp-json\/wp\/v2\/pages\/31\/revisions\/515"}],"wp:attachment":[{"href":"https:\/\/leonardodavid.site\/en\/wp-json\/wp\/v2\/media?parent=31"}],"curies":[{"name":"wp","href":"https:\/\/api.w.org\/{rel}","templated":true}]}}