{"id":25,"date":"2024-09-09T14:49:18","date_gmt":"2024-09-09T12:49:18","guid":{"rendered":"https:\/\/leonardodavid.site\/?page_id=25"},"modified":"2025-04-03T21:12:17","modified_gmt":"2025-04-03T19:12:17","slug":"declaracion-de-accesibilidad","status":"publish","type":"page","link":"https:\/\/leonardodavid.site\/en\/declaracion-de-accesibilidad\/","title":{"rendered":"Declaraci\u00f3n de accesibilidad"},"content":{"rendered":"<div data-elementor-type=\"wp-page\" data-elementor-id=\"25\" class=\"elementor elementor-25\" data-elementor-post-type=\"page\">\n\t\t\t\t<div class=\"elementor-element elementor-element-30e71572 e-flex e-con-boxed e-con e-parent\" data-id=\"30e71572\" data-element_type=\"container\" data-settings=\"{&quot;ekit_has_onepagescroll_dot&quot;:&quot;yes&quot;}\">\n\t\t\t\t\t<div class=\"e-con-inner\">\n\t\t\t\t<div class=\"elementor-element elementor-element-7bc1f3d3 elementor-widget elementor-widget-text-editor\" data-id=\"7bc1f3d3\" data-element_type=\"widget\" data-settings=\"{&quot;ekit_we_effect_on&quot;:&quot;none&quot;}\" data-widget_type=\"text-editor.default\">\n\t\t\t\t<div class=\"elementor-widget-container\">\n\t\t\t\t\t\t\t\t\t<div class=\"entry-header\"><h1 class=\"jeg_post_title\">Declaraci\u00f3n de Accesibilidad<\/h1><\/div><div class=\"jeg_featured featured_image\">\u00a0<\/div><div class=\"jeg_share_top_container\">\u00a0<\/div><div class=\"entry-content\"><div class=\"content-inner\"><p>En la construcci\u00f3n de la p\u00e1gina web de <a href=\"https:\/\/leonardodavid.site\/en\/\">https:\/\/leonardodavid.site\/<\/a>\u00a0 se han adoptado medidas con el objetivo de que el mayor n\u00famero posible de personas puedan llegar a la informaci\u00f3n que se transmite en ella, independientemente de las limitaciones de la persona o de las que se deriven del contexto de uso.<\/p><p>As\u00ed, en la confecci\u00f3n del portal se han tenido en cuenta los siguientes aspectos:<\/p><ul><li>Uso de CSS para la presentaci\u00f3n de la informaci\u00f3n.<\/li><li>Etiquetas de marcaje.<\/li><li>Sistemas de navegaci\u00f3n usables, intuitivos y alternativos.<\/li><li>Descripciones alternativas en las im\u00e1genes.<\/li><li>Verificaciones en la visualizaci\u00f3n con diferentes navegadores y dispositivos.<\/li><li>Utilizaci\u00f3n de formatos universales y alternativos.<\/li><li>Los enlaces ofrecen detalles de la funci\u00f3n o destino del hiperv\u00ednculo.<\/li><li>Uso de los est\u00e1ndares del W3C.<\/li><li>Acceso mediante atajos teclado a las principales opciones.<\/li><\/ul><h3 class=\"wp-block-heading\">Cumplimiento de los est\u00e1ndares<\/h3><p>Las p\u00e1ginas de este sitio Web cumplen la marca AA seg\u00fan la Norma UNE 139803:2004 y las Directrices de Accesibilidad para el Contenido Web 1.0 del W3C. Todos los requisitos de Prioridad 1 y Prioridad 2 y un subconjunto de los requisitos de Prioridad 3 han sido comprobados con un an\u00e1lisis manual de la accesibilidad a trav\u00e9s de diferentes herramientas semi-autom\u00e1ticas y agentes de usuario.<\/p><h3 class=\"wp-block-heading\">Atajos de teclado<\/h3><p>En esta Web puede hacer saltos ordenados en el contenido con la tecla Tab.<\/p><h3 class=\"wp-block-heading\">Tama\u00f1o del texto<\/h3><p>El dise\u00f1o accesible permite que el usuario pueda ajustar las fuentes al tama\u00f1o que le convenga. Esta acci\u00f3n puede llevarse a cabo de diferentes maneras seg\u00fan el navegador web que se utilice. A continuaci\u00f3n se indica la acci\u00f3n de men\u00fa donde se encuentra esta funcionalidad en los navegadores m\u00e1s frecuentes:<\/p><ul><li>Mozilla Firefox: Ver &gt; Tama\u00f1o de texto &gt; Incrementar Internet<\/li><li>Internet Explorer: Ver &gt; Tama\u00f1o de texto &gt; M\u00e1s grande<\/li><li>Opera: View &gt; Zoom &gt; %<\/li><li>Safari: View &gt; Make text bigger<\/li><li>Google Chrome: Herramientas &gt; Zoom<\/li><\/ul><h3 class=\"wp-block-heading\">Configuraci\u00f3n t\u00e9cnica<\/h3><p>Las p\u00e1ginas web est\u00e1n creadas con el CMS WordPress 6.1.1.<\/p><h3 class=\"wp-block-heading\">Informaci\u00f3n \u00fatil sobre la accesibilidad<\/h3><p>Seguidamente se exponen una serie de enlaces organizados en diferentes categor\u00edas \u00fatiles para obtener m\u00e1s informaci\u00f3n sobre la accesibilidad.<\/p><h4 class=\"wp-block-heading\">Accesibilidad normas y documentos t\u00e9cnicos:<\/h4><p><a href=\"http:\/\/www.w3c.org\/\" target=\"_blank\" rel=\"noreferrer noopener\">http:\/\/www.w3c.org\/<\/a><br \/>Consorcio World Wide Web, grupo de trabajo de \u00e1mbito internacional que dicta l\u00edneas generales relacionadas con la web.<\/p><p><a href=\"http:\/\/www.w3c.org\/wai\/\" target=\"_blank\" rel=\"noreferrer noopener\">http:\/\/www.w3c.org\/wai\/<\/a><br \/>Iniciativa de Accesibilidad Web del W3C.<\/p><\/div><\/div>\t\t\t\t\t\t\t\t<\/div>\n\t\t\t\t<\/div>\n\t\t\t\t\t<\/div>\n\t\t\t\t<\/div>\n\t\t\t\t<\/div>","protected":false},"excerpt":{"rendered":"<p>Declaraci\u00f3n de Accesibilidad \u00a0\u00a0 En la construcci\u00f3n de la p\u00e1gina web de https:\/\/leonardodavid.site\/\u00a0 se han adoptado medidas con el objetivo [&hellip;]<\/p>","protected":false},"author":1,"featured_media":0,"parent":0,"menu_order":0,"comment_status":"closed","ping_status":"closed","template":"elementor_header_footer","meta":{"site-sidebar-layout":"no-sidebar","site-content-layout":"","ast-site-content-layout":"full-width-container","site-content-style":"default","site-sidebar-style":"default","ast-global-header-display":"","ast-banner-title-visibility":"","ast-main-header-display":"","ast-hfb-above-header-display":"","ast-hfb-below-header-display":"","ast-hfb-mobile-header-display":"","site-post-title":"disabled","ast-breadcrumbs-content":"","ast-featured-img":"disabled","footer-sml-layout":"","theme-transparent-header-meta":"","adv-header-id-meta":"","stick-header-meta":"","header-above-stick-meta":"","header-main-stick-meta":"","header-below-stick-meta":"","astra-migrate-meta-layouts":"default","ast-page-background-enabled":"default","ast-page-background-meta":{"desktop":{"background-color":"var(--ast-global-color-4)","background-image":"","background-repeat":"repeat","background-position":"center center","background-size":"auto","background-attachment":"scroll","background-type":"","background-media":"","overlay-type":"","overlay-color":"","overlay-opacity":"","overlay-gradient":""},"tablet":{"background-color":"","background-image":"","background-repeat":"repeat","background-position":"center center","background-size":"auto","background-attachment":"scroll","background-type":"","background-media":"","overlay-type":"","overlay-color":"","overlay-opacity":"","overlay-gradient":""},"mobile":{"background-color":"","background-image":"","background-repeat":"repeat","background-position":"center center","background-size":"auto","background-attachment":"scroll","background-type":"","background-media":"","overlay-type":"","overlay-color":"","overlay-opacity":"","overlay-gradient":""}},"ast-content-background-meta":{"desktop":{"background-color":"var(--ast-global-color-5)","background-image":"","background-repeat":"repeat","background-position":"center center","background-size":"auto","background-attachment":"scroll","background-type":"","background-media":"","overlay-type":"","overlay-color":"","overlay-opacity":"","overlay-gradient":""},"tablet":{"background-color":"var(--ast-global-color-5)","background-image":"","background-repeat":"repeat","background-position":"center center","background-size":"auto","background-attachment":"scroll","background-type":"","background-media":"","overlay-type":"","overlay-color":"","overlay-opacity":"","overlay-gradient":""},"mobile":{"background-color":"var(--ast-global-color-5)","background-image":"","background-repeat":"repeat","background-position":"center center","background-size":"auto","background-attachment":"scroll","background-type":"","background-media":"","overlay-type":"","overlay-color":"","overlay-opacity":"","overlay-gradient":""}},"footnotes":""},"class_list":["post-25","page","type-page","status-publish","hentry"],"yoast_head":"<!-- This site is optimized with the Yoast SEO plugin v24.8.1 - https:\/\/yoast.com\/wordpress\/plugins\/seo\/ -->\n<title>Declaraci\u00f3n de accesibilidad - Leonardo David<\/title>\n<meta name=\"robots\" content=\"noindex, follow\" \/>\n<meta property=\"og:locale\" content=\"en_US\" \/>\n<meta property=\"og:type\" content=\"article\" \/>\n<meta property=\"og:title\" content=\"Declaraci\u00f3n de accesibilidad - Leonardo David\" \/>\n<meta property=\"og:description\" content=\"Declaraci\u00f3n de Accesibilidad \u00a0\u00a0 En la construcci\u00f3n de la p\u00e1gina web de https:\/\/leonardodavid.site\/\u00a0 se han adoptado medidas con el objetivo [&hellip;]\" \/>\n<meta property=\"og:url\" content=\"https:\/\/leonardodavid.site\/en\/declaracion-de-accesibilidad\/\" \/>\n<meta property=\"og:site_name\" content=\"Leonardo David\" \/>\n<meta property=\"article:modified_time\" content=\"2025-04-03T19:12:17+00:00\" \/>\n<meta name=\"twitter:card\" content=\"summary_large_image\" \/>\n<meta name=\"twitter:label1\" content=\"Est. reading time\" \/>\n\t<meta name=\"twitter:data1\" content=\"2 minutes\" \/>\n<script type=\"application\/ld+json\" class=\"yoast-schema-graph\">{\"@context\":\"https:\/\/schema.org\",\"@graph\":[{\"@type\":\"WebPage\",\"@id\":\"https:\/\/leonardodavid.site\/declaracion-de-accesibilidad\/\",\"url\":\"https:\/\/leonardodavid.site\/declaracion-de-accesibilidad\/\",\"name\":\"Declaraci\u00f3n de accesibilidad - Leonardo David\",\"isPartOf\":{\"@id\":\"https:\/\/leonardodavid.site\/#website\"},\"datePublished\":\"2024-09-09T12:49:18+00:00\",\"dateModified\":\"2025-04-03T19:12:17+00:00\",\"breadcrumb\":{\"@id\":\"https:\/\/leonardodavid.site\/declaracion-de-accesibilidad\/#breadcrumb\"},\"inLanguage\":\"en-US\",\"potentialAction\":[{\"@type\":\"ReadAction\",\"target\":[\"https:\/\/leonardodavid.site\/declaracion-de-accesibilidad\/\"]}]},{\"@type\":\"BreadcrumbList\",\"@id\":\"https:\/\/leonardodavid.site\/declaracion-de-accesibilidad\/#breadcrumb\",\"itemListElement\":[{\"@type\":\"ListItem\",\"position\":1,\"name\":\"Portada\",\"item\":\"https:\/\/leonardodavid.site\/\"},{\"@type\":\"ListItem\",\"position\":2,\"name\":\"Declaraci\u00f3n de accesibilidad\"}]},{\"@type\":\"WebSite\",\"@id\":\"https:\/\/leonardodavid.site\/#website\",\"url\":\"https:\/\/leonardodavid.site\/\",\"name\":\"Leonardo David\",\"description\":\"\",\"publisher\":{\"@id\":\"https:\/\/leonardodavid.site\/#organization\"},\"potentialAction\":[{\"@type\":\"SearchAction\",\"target\":{\"@type\":\"EntryPoint\",\"urlTemplate\":\"https:\/\/leonardodavid.site\/?s={search_term_string}\"},\"query-input\":{\"@type\":\"PropertyValueSpecification\",\"valueRequired\":true,\"valueName\":\"search_term_string\"}}],\"inLanguage\":\"en-US\"},{\"@type\":\"Organization\",\"@id\":\"https:\/\/leonardodavid.site\/#organization\",\"name\":\"Leonardo David\",\"url\":\"https:\/\/leonardodavid.site\/\",\"logo\":{\"@type\":\"ImageObject\",\"inLanguage\":\"en-US\",\"@id\":\"https:\/\/leonardodavid.site\/#\/schema\/logo\/image\/\",\"url\":\"https:\/\/leonardodavid.site\/wp-content\/uploads\/2024\/09\/Logo.png\",\"contentUrl\":\"https:\/\/leonardodavid.site\/wp-content\/uploads\/2024\/09\/Logo.png\",\"width\":215,\"height\":91,\"caption\":\"Leonardo David\"},\"image\":{\"@id\":\"https:\/\/leonardodavid.site\/#\/schema\/logo\/image\/\"}}]}<\/script>\n<!-- \/ Yoast SEO plugin. -->","yoast_head_json":{"title":"Declaraci\u00f3n de accesibilidad - Leonardo David","robots":{"index":"noindex","follow":"follow"},"og_locale":"en_US","og_type":"article","og_title":"Declaraci\u00f3n de accesibilidad - Leonardo David","og_description":"Declaraci\u00f3n de Accesibilidad \u00a0\u00a0 En la construcci\u00f3n de la p\u00e1gina web de https:\/\/leonardodavid.site\/\u00a0 se han adoptado medidas con el objetivo [&hellip;]","og_url":"https:\/\/leonardodavid.site\/en\/declaracion-de-accesibilidad\/","og_site_name":"Leonardo David","article_modified_time":"2025-04-03T19:12:17+00:00","twitter_card":"summary_large_image","twitter_misc":{"Est. reading time":"2 minutes"},"schema":{"@context":"https:\/\/schema.org","@graph":[{"@type":"WebPage","@id":"https:\/\/leonardodavid.site\/declaracion-de-accesibilidad\/","url":"https:\/\/leonardodavid.site\/declaracion-de-accesibilidad\/","name":"Declaraci\u00f3n de accesibilidad - Leonardo David","isPartOf":{"@id":"https:\/\/leonardodavid.site\/#website"},"datePublished":"2024-09-09T12:49:18+00:00","dateModified":"2025-04-03T19:12:17+00:00","breadcrumb":{"@id":"https:\/\/leonardodavid.site\/declaracion-de-accesibilidad\/#breadcrumb"},"inLanguage":"en-US","potentialAction":[{"@type":"ReadAction","target":["https:\/\/leonardodavid.site\/declaracion-de-accesibilidad\/"]}]},{"@type":"BreadcrumbList","@id":"https:\/\/leonardodavid.site\/declaracion-de-accesibilidad\/#breadcrumb","itemListElement":[{"@type":"ListItem","position":1,"name":"Portada","item":"https:\/\/leonardodavid.site\/"},{"@type":"ListItem","position":2,"name":"Declaraci\u00f3n de accesibilidad"}]},{"@type":"WebSite","@id":"https:\/\/leonardodavid.site\/#website","url":"https:\/\/leonardodavid.site\/","name":"Leonardo David","description":"","publisher":{"@id":"https:\/\/leonardodavid.site\/#organization"},"potentialAction":[{"@type":"SearchAction","target":{"@type":"EntryPoint","urlTemplate":"https:\/\/leonardodavid.site\/?s={search_term_string}"},"query-input":{"@type":"PropertyValueSpecification","valueRequired":true,"valueName":"search_term_string"}}],"inLanguage":"en-US"},{"@type":"Organization","@id":"https:\/\/leonardodavid.site\/#organization","name":"Leonardo David","url":"https:\/\/leonardodavid.site\/","logo":{"@type":"ImageObject","inLanguage":"en-US","@id":"https:\/\/leonardodavid.site\/#\/schema\/logo\/image\/","url":"https:\/\/leonardodavid.site\/wp-content\/uploads\/2024\/09\/Logo.png","contentUrl":"https:\/\/leonardodavid.site\/wp-content\/uploads\/2024\/09\/Logo.png","width":215,"height":91,"caption":"Leonardo David"},"image":{"@id":"https:\/\/leonardodavid.site\/#\/schema\/logo\/image\/"}}]}},"_links":{"self":[{"href":"https:\/\/leonardodavid.site\/en\/wp-json\/wp\/v2\/pages\/25"}],"collection":[{"href":"https:\/\/leonardodavid.site\/en\/wp-json\/wp\/v2\/pages"}],"about":[{"href":"https:\/\/leonardodavid.site\/en\/wp-json\/wp\/v2\/types\/page"}],"author":[{"embeddable":true,"href":"https:\/\/leonardodavid.site\/en\/wp-json\/wp\/v2\/users\/1"}],"replies":[{"embeddable":true,"href":"https:\/\/leonardodavid.site\/en\/wp-json\/wp\/v2\/comments?post=25"}],"version-history":[{"count":5,"href":"https:\/\/leonardodavid.site\/en\/wp-json\/wp\/v2\/pages\/25\/revisions"}],"predecessor-version":[{"id":509,"href":"https:\/\/leonardodavid.site\/en\/wp-json\/wp\/v2\/pages\/25\/revisions\/509"}],"wp:attachment":[{"href":"https:\/\/leonardodavid.site\/en\/wp-json\/wp\/v2\/media?parent=25"}],"curies":[{"name":"wp","href":"https:\/\/api.w.org\/{rel}","templated":true}]}}